{"id":503,"date":"2015-11-29T11:25:03","date_gmt":"2015-11-29T10:25:03","guid":{"rendered":"http:\/\/garraldakozonaldea.educacion.navarra.es\/portal1\/es\/?page_id=503"},"modified":"2022-09-27T12:55:04","modified_gmt":"2022-09-27T10:55:04","slug":"programaciones-abreviadas","status":"publish","type":"page","link":"https:\/\/garraldakozonaldea.educacion.navarra.es\/portal1\/es\/nuestro-centro\/programaciones-abreviadas\/","title":{"rendered":"PROGRAMACIONES ABREVIADAS"},"content":{"rendered":"\n<p class=\"has-text-align-center\"><strong>ESPECIFICACIONES EDUCACI\u00d3N INFANTIL<\/strong><\/p>\n\n<figure class=\"wp-block-table\"><table><tbody><tr><td class=\"has-text-align-center\" data-align=\"center\"><strong><a href=\"https:\/\/docs.google.com\/document\/d\/1VZOg2yIYlfNZB4NHnfjGx28ZD-UXR5blPES8h70HCeU\/edit?usp=sharing\" target=\"_blank\" rel=\"noreferrer noopener\" data-type=\"URL\" data-id=\"https:\/\/docs.google.com\/document\/d\/1tSnT2jBQ6iDDWONoHH2WUbdZAkfVH4iDa-RCBGAxjSE\/edit?usp=sharing\">EI 3 a\u00f1os<\/a><\/strong><\/td><td class=\"has-text-align-center\" data-align=\"center\"><strong><a href=\"https:\/\/docs.google.com\/document\/d\/1UtA3g58fkjczYYzlzGovUQpW-2y9YjAX2-MToMsyu4w\/edit?usp=sharing\" target=\"_blank\" rel=\"noreferrer noopener\" data-type=\"URL\" data-id=\"https:\/\/docs.google.com\/document\/d\/1OTJ4xMv8g3aX96-AUqbFeFSWPMljmULsNVGSvkoHulI\/edit?usp=sharing\">EI 4 a\u00f1os<\/a><\/strong><\/td><td class=\"has-text-align-center\" data-align=\"center\"><strong><a href=\"https:\/\/docs.google.com\/document\/d\/1OdLoydPVyxDImxSlt9gxwy4VWbRAY4keoZ6Jdd7B9zM\/edit?usp=sharing\" target=\"_blank\" rel=\"noreferrer noopener\" data-type=\"URL\" data-id=\"https:\/\/docs.google.com\/document\/d\/1MrKl6QHSXA1HMby47HvxjRE8Q49UFJPdwzDXHfraOy8\/edit?usp=sharing\">EI 5 a\u00f1os<\/a><\/strong><\/td><\/tr><\/tbody><\/table><\/figure>\n<p class=\"has-text-align-center\"><strong>ESPECIFICACIONES EDUCACI\u00d3N PRIMARIA<\/strong><\/p>\n\n<figure class=\"wp-block-table\"><table><tbody><tr><td class=\"has-text-align-center\" data-align=\"center\"><strong><a href=\"https:\/\/docs.google.com\/document\/d\/14RYchB71p9biIrTcdNJpDIutZMc6MJcPpn7NDjxqHpI\/edit?usp=sharing\" target=\"_blank\" rel=\"noreferrer noopener\" data-type=\"URL\" data-id=\"https:\/\/docs.google.com\/document\/d\/1EKXqXgX0kpOgy57mjhjAz2MSCxJAb7Uo-sBzQLze4xc\/edit?usp=sharing\">1\u00ba EP<\/a><\/strong><\/td><td class=\"has-text-align-center\" data-align=\"center\"><strong><a href=\"https:\/\/docs.google.com\/document\/d\/12ZRLD5klKLkXzwvbsel3ZFYx7Oa702k6j2llxft2wWs\/edit?usp=sharing\" target=\"_blank\" rel=\"noreferrer noopener\" data-type=\"URL\" data-id=\"https:\/\/docs.google.com\/document\/d\/157dOA8BRm8UDTeSl_1zJOtvaDWqxTu14Sbl_iMkfMsY\/edit?usp=sharing\">2\u00ba EP<\/a><\/strong><\/td><td><\/td><td class=\"has-text-align-center\" data-align=\"center\"><strong><a href=\"https:\/\/docs.google.com\/document\/d\/1-NglnZbNSIAdX2lzya8G0Sk0b2sw4j59uTgq0fOnq4o\/edit?usp=sharing\" target=\"_blank\" rel=\"noreferrer noopener\" data-type=\"URL\" data-id=\"https:\/\/docs.google.com\/document\/d\/1nN4xEpSUgTpM3KRbX1dB_iQWzFTxkqlWUR88EFdvN6E\/edit?usp=sharing\">3\u00ba EP<\/a><\/strong><\/td><\/tr><tr><td class=\"has-text-align-center\" data-align=\"center\"><strong><a href=\"https:\/\/docs.google.com\/document\/d\/1CCTpaB8lgUuLgYuWqmUrrz1FrLAZ3Um1nph6Px8NADQ\/edit?usp=sharing\" target=\"_blank\" rel=\"noreferrer noopener\" data-type=\"URL\" data-id=\"https:\/\/docs.google.com\/document\/d\/1rBh85sUiUKU8aWEeeAg3Km7LJTf2lbRrbs2ilowdHKc\/edit?usp=sharing\">4\u00ba EP<\/a><\/strong><\/td><td class=\"has-text-align-center\" data-align=\"center\"><strong><a href=\"https:\/\/docs.google.com\/document\/d\/1C_48fD-3S5Wza7etQ_NbcEBsJpNxfIoDwwTi-VuwcNs\/edit?usp=sharing\" target=\"_blank\" rel=\"noreferrer noopener\" data-type=\"URL\" data-id=\"https:\/\/docs.google.com\/document\/d\/1opGMOhNFv37pyh-FO2tjWgAgXsqY81eCx7dZA3lrLnU\/edit?usp=sharing\">5\u00ba EP<\/a><\/strong><\/td><td><\/td><td class=\"has-text-align-center\" data-align=\"center\"><strong><a href=\"https:\/\/docs.google.com\/document\/d\/1k7cc1Eh7aDnQNEZX8LN_D1PdNcpBAFkm0m5tJK5C8AE\/edit?usp=sharing\" target=\"_blank\" rel=\"noreferrer noopener\" data-type=\"URL\" data-id=\"https:\/\/docs.google.com\/document\/d\/1bNhAHOltfwPnF5o-BPBCuqBDD1cK6PZMN7smLGBu584\/edit?usp=sharing\">6\u00ba EP<\/a><\/strong><\/td><\/tr><\/tbody><\/table><\/figure>\n<p class=\"has-text-align-center\"><strong>ESPECIFICACIONES ENSE\u00d1ANZA SECUNDARIA OBLIGATORIA<\/strong><\/p>\n\n<figure class=\"wp-block-table\"><table><tbody><tr><td class=\"has-text-align-center\" data-align=\"center\"><a href=\"https:\/\/docs.google.com\/document\/d\/1gu5nbutHuXBymhPIl88MOAL16BGFz3NvKyoT3UeA8yA\/edit?usp=sharing\" target=\"_blank\" rel=\"noreferrer noopener\"><strong>1\u00ba ESO<\/strong><\/a><\/td><td class=\"has-text-align-center\" data-align=\"center\"><a href=\"https:\/\/docs.google.com\/document\/d\/15alNkO-_rf_UlT4L_00EnxlDpED3EzvqgzDyWStuPqg\/edit?usp=sharing\" target=\"_blank\" rel=\"noreferrer noopener\" data-type=\"URL\" data-id=\"https:\/\/docs.google.com\/document\/d\/1NtVfz8gaWXqyG6Ht0VA_JQYyvYeaVOCv8SD_sQlDDng\/edit?usp=sharing\"><strong>2\u00ba ESO<\/strong><\/a><\/td><\/tr><tr><td class=\"has-text-align-center\" data-align=\"center\"><a href=\"https:\/\/docs.google.com\/document\/d\/139Z7wL9C6BAd6GhlwRIZoY08vL8ak-9cvWsWBXWNS00\/edit?usp=sharing\" target=\"_blank\" rel=\"noreferrer noopener\" data-type=\"URL\" data-id=\"https:\/\/docs.google.com\/document\/d\/11bXkFTvsUcUHCVCZl88keVLYSfYfiRX8ZskG7U1kFxQ\/edit?usp=sharing\"><strong>3\u00ba ESO<\/strong><\/a><\/td><td class=\"has-text-align-center\" data-align=\"center\"><strong><a href=\"https:\/\/docs.google.com\/document\/d\/1tArM7KDTZf5849YyQwhzfxM3kPYcfpjUzBKLzmwPSOo\/edit?usp=sharing\" target=\"_blank\" rel=\"noreferrer noopener\" data-type=\"URL\" data-id=\"https:\/\/docs.google.com\/document\/d\/1LJm2qtmzDCskoLQgg-EOhWZhcTA5eHhnQywp4ibKtpA\/edit?usp=sharing\">4\u00ba ESO<\/a><\/strong><\/td><\/tr><\/tbody><\/table><\/figure>","protected":false},"excerpt":{"rendered":"<p>ESPECIFICACIONES EDUCACI\u00d3N INFANTIL EI 3 a\u00f1os EI 4 a\u00f1os EI 5 a\u00f1os ESPECIFICACIONES EDUCACI\u00d3N PRIMARIA 1\u00ba EP 2\u00ba EP 3\u00ba EP 4\u00ba EP 5\u00ba EP 6\u00ba EP ESPECIFICACIONES ENSE\u00d1ANZA SECUNDARIA OBLIGATORIA 1\u00ba ESO 2\u00ba ESO 3\u00ba ESO 4\u00ba ESO<\/p>\n","protected":false},"author":1,"featured_media":3883,"parent":455,"menu_order":0,"comment_status":"closed","ping_status":"closed","template":"","meta":{"_genesis_hide_title":false,"_genesis_hide_breadcrumbs":false,"_genesis_hide_singular_image":false,"_genesis_hide_footer_widgets":false,"_genesis_custom_body_class":"","_genesis_custom_post_class":"","_genesis_layout":"full-width-content","_links_to":"","_links_to_target":""},"featured_image_src":"https:\/\/garraldakozonaldea.educacion.navarra.es\/portal1\/wp-content\/uploads\/2022\/09\/students-g691ea598d_1920-600x400.jpg","featured_image_src_square":"https:\/\/garraldakozonaldea.educacion.navarra.es\/portal1\/wp-content\/uploads\/2022\/09\/students-g691ea598d_1920-600x600.jpg","_links":{"self":[{"href":"https:\/\/garraldakozonaldea.educacion.navarra.es\/portal1\/es\/wp-json\/wp\/v2\/pages\/503"}],"collection":[{"href":"https:\/\/garraldakozonaldea.educacion.navarra.es\/portal1\/es\/wp-json\/wp\/v2\/pages"}],"about":[{"href":"https:\/\/garraldakozonaldea.educacion.navarra.es\/portal1\/es\/wp-json\/wp\/v2\/types\/page"}],"author":[{"embeddable":true,"href":"https:\/\/garraldakozonaldea.educacion.navarra.es\/portal1\/es\/wp-json\/wp\/v2\/users\/1"}],"replies":[{"embeddable":true,"href":"https:\/\/garraldakozonaldea.educacion.navarra.es\/portal1\/es\/wp-json\/wp\/v2\/comments?post=503"}],"version-history":[{"count":27,"href":"https:\/\/garraldakozonaldea.educacion.navarra.es\/portal1\/es\/wp-json\/wp\/v2\/pages\/503\/revisions"}],"predecessor-version":[{"id":3892,"href":"https:\/\/garraldakozonaldea.educacion.navarra.es\/portal1\/es\/wp-json\/wp\/v2\/pages\/503\/revisions\/3892"}],"up":[{"embeddable":true,"href":"https:\/\/garraldakozonaldea.educacion.navarra.es\/portal1\/es\/wp-json\/wp\/v2\/pages\/455"}],"wp:featuredmedia":[{"embeddable":true,"href":"https:\/\/garraldakozonaldea.educacion.navarra.es\/portal1\/es\/wp-json\/wp\/v2\/media\/3883"}],"wp:attachment":[{"href":"https:\/\/garraldakozonaldea.educacion.navarra.es\/portal1\/es\/wp-json\/wp\/v2\/media?parent=503"}],"curies":[{"name":"wp","href":"https:\/\/api.w.org\/{rel}","templated":true}]}}