{"id":3296,"date":"2021-03-24T10:16:47","date_gmt":"2021-03-24T09:16:47","guid":{"rendered":"https:\/\/garraldakozonaldea.educacion.navarra.es\/portal1\/comedor\/"},"modified":"2026-03-30T12:33:27","modified_gmt":"2026-03-30T10:33:27","slug":"comedor","status":"publish","type":"page","link":"https:\/\/garraldakozonaldea.educacion.navarra.es\/portal1\/es\/comedor\/","title":{"rendered":"Comedor"},"content":{"rendered":"\n<p class=\"has-text-align-center\">En el centro de Garralda tenemos <strong>cocina propia<\/strong>, aunque la gesti\u00f3n del comedor la realiza una empresa. El uso de <strong>productos locales<\/strong> y una <strong>alimentaci\u00f3n saludable<\/strong> son nuestros principales criterios.<\/p>\n\n<ul class=\"has-background\" style=\"background-color:#eaedf2\"><li><strong>Empresa gestora<\/strong>: <a href=\"https:\/\/www.aramark.es\/home\" target=\"_blank\" rel=\"noreferrer noopener\" data-type=\"URL\" data-id=\"https:\/\/www.aramark.es\/home\">Aramark<\/a><ul><li>Trabajadoras<ul><li><em>Nerea Eslava (cocinera)<\/em><\/li><li><em>Isabel Iriarte<\/em> (<em>cuidadora en Educaci\u00f3n Infantil)<\/em><\/li><li><em>Inma Belzunce<\/em> (cuidadora en Educaci\u00f3n Primaria<em>)<\/em><\/li><li><em>Ana Aranaz (cuidadora en Educaci\u00f3n Primaria)<\/em><\/li><li><em>Aintzane Olabarrieta eta Mar\u00eda Codonyer (cuidadoras en Educaci\u00f3n Secundaria)<\/em><\/li><\/ul><\/li><\/ul><\/li><li><strong>Responsabilidades del comedor:<\/strong><ul><li>Eider Etxabarri (administradora)<\/li><li>Mikel Villarrolain (responsable)<\/li><\/ul><\/li><li><strong>Contacto: cpgarral@educacion.navarra.es<\/strong><\/li><\/ul>\n<p class=\"has-text-align-center has-small-font-size\"><p style=\"text-align: center;\"><em>(abajo en castellano)<\/em><\/p><\/p>\n\n<div class=\"wp-block-image\"><figure class=\"aligncenter size-full is-resized\"><a href=\"https:\/\/drive.google.com\/file\/d\/1oQtKP0oJe8nnv_cIptompN_t9hYXaxmh\/view?usp=sharing\" target=\"_blank\" rel=\"noopener\"><img loading=\"lazy\" src=\"https:\/\/garraldakozonaldea.educacion.navarra.es\/portal1\/wp-content\/uploads\/2021\/09\/menua.jpg\" alt=\"\" class=\"wp-image-3500\" width=\"333\" height=\"250\" srcset=\"https:\/\/garraldakozonaldea.educacion.navarra.es\/portal1\/wp-content\/uploads\/2021\/09\/menua.jpg 640w, https:\/\/garraldakozonaldea.educacion.navarra.es\/portal1\/wp-content\/uploads\/2021\/09\/menua-300x225.jpg 300w\" sizes=\"(max-width: 333px) 100vw, 333px\" \/><\/a><figcaption>Men\u00fa<\/figcaption><\/figure><\/div>\n\n<iframe loading=\"lazy\" src=\"https:\/\/docs.google.com\/document\/d\/e\/2PACX-1vQik8mpmyOSkjAEitYTRPgqfVKNCWaLlndakcocgp7U0QVb4SHNTr1jaV83h7KsUhV4GqKZzb-V352R\/pub?embedded=true\" width=\"2500\" height=\"1000\"><\/iframe>\r\n\n<p class=\"has-text-align-center\"><strong>GUIAS PARA UNA ALIMENTACI\u00d3N SALUDABLE<\/strong><\/p>\n\n<figure class=\"wp-block-table\"><table><tbody><tr><td class=\"has-text-align-center\" data-align=\"center\"><a href=\"https:\/\/drive.google.com\/file\/d\/107va2WU41UdAFWZieb8RIJGWvlmjoYkq\/view?usp=sharing\" target=\"_blank\" rel=\"noreferrer noopener\" data-type=\"URL\" data-id=\"https:\/\/drive.google.com\/file\/d\/107va2WU41UdAFWZieb8RIJGWvlmjoYkq\/view?usp=sharing\"><img loading=\"lazy\" width=\"644\" height=\"544\" class=\"wp-image-3779\" style=\"width: 150px;\" src=\"https:\/\/garraldakozonaldea.educacion.navarra.es\/portal1\/wp-content\/uploads\/2022\/05\/La-alimentacion-saludable-en-la-etapa-escolar.jpg\" alt=\"\" srcset=\"https:\/\/garraldakozonaldea.educacion.navarra.es\/portal1\/wp-content\/uploads\/2022\/05\/La-alimentacion-saludable-en-la-etapa-escolar.jpg 644w, https:\/\/garraldakozonaldea.educacion.navarra.es\/portal1\/wp-content\/uploads\/2022\/05\/La-alimentacion-saludable-en-la-etapa-escolar-300x253.jpg 300w, https:\/\/garraldakozonaldea.educacion.navarra.es\/portal1\/wp-content\/uploads\/2022\/05\/La-alimentacion-saludable-en-la-etapa-escolar-70x60.jpg 70w\" sizes=\"(max-width: 644px) 100vw, 644px\" \/><\/a><a href=\"https:\/\/drive.google.com\/file\/d\/1Gq5F7QCfPG9if64H4SwLP_e0g4_jlWrS\/view?usp=sharing\" target=\"_blank\" rel=\"noreferrer noopener\" data-type=\"URL\" data-id=\"https:\/\/drive.google.com\/file\/d\/1Gq5F7QCfPG9if64H4SwLP_e0g4_jlWrS\/view?usp=sharing\"><img loading=\"lazy\" width=\"619\" height=\"570\" class=\"wp-image-3777\" style=\"width: 150px;\" src=\"https:\/\/garraldakozonaldea.educacion.navarra.es\/portal1\/wp-content\/uploads\/2022\/05\/Guia-de-comidas-saludables-y-sostenibles.jpg\" alt=\"\" srcset=\"https:\/\/garraldakozonaldea.educacion.navarra.es\/portal1\/wp-content\/uploads\/2022\/05\/Guia-de-comidas-saludables-y-sostenibles.jpg 619w, https:\/\/garraldakozonaldea.educacion.navarra.es\/portal1\/wp-content\/uploads\/2022\/05\/Guia-de-comidas-saludables-y-sostenibles-300x276.jpg 300w\" sizes=\"(max-width: 619px) 100vw, 619px\" \/><\/a><a href=\"https:\/\/drive.google.com\/file\/d\/1ib2Ph-Y6H0XICv_ykgvMyKDYDv6ZD60L\/view?usp=sharing\" target=\"_blank\" rel=\"noreferrer noopener\" data-type=\"URL\" data-id=\"https:\/\/drive.google.com\/file\/d\/1ib2Ph-Y6H0XICv_ykgvMyKDYDv6ZD60L\/view?usp=sharing\"><img loading=\"lazy\" width=\"619\" height=\"607\" class=\"wp-image-3775\" style=\"width: 150px;\" src=\"https:\/\/garraldakozonaldea.educacion.navarra.es\/portal1\/wp-content\/uploads\/2022\/05\/Guia-de-alimentacion-para-la-planificacion-de-menus-escolares.jpg\" alt=\"\" srcset=\"https:\/\/garraldakozonaldea.educacion.navarra.es\/portal1\/wp-content\/uploads\/2022\/05\/Guia-de-alimentacion-para-la-planificacion-de-menus-escolares.jpg 619w, https:\/\/garraldakozonaldea.educacion.navarra.es\/portal1\/wp-content\/uploads\/2022\/05\/Guia-de-alimentacion-para-la-planificacion-de-menus-escolares-300x294.jpg 300w\" sizes=\"(max-width: 619px) 100vw, 619px\" \/><\/a><a href=\"https:\/\/drive.google.com\/file\/d\/1NuqYf63suPgqQ5QvVAVrRIyfNqOw-DJb\/view?usp=sharing\" target=\"_blank\" rel=\"noreferrer noopener\" data-type=\"URL\" data-id=\"https:\/\/drive.google.com\/file\/d\/1NuqYf63suPgqQ5QvVAVrRIyfNqOw-DJb\/view?usp=sharing\"><img loading=\"lazy\" width=\"739\" height=\"692\" class=\"wp-image-3773\" style=\"width: 150px;\" src=\"https:\/\/garraldakozonaldea.educacion.navarra.es\/portal1\/wp-content\/uploads\/2022\/05\/Alimentacion-saludable-en-edad-escolar.jpg\" alt=\"\" srcset=\"https:\/\/garraldakozonaldea.educacion.navarra.es\/portal1\/wp-content\/uploads\/2022\/05\/Alimentacion-saludable-en-edad-escolar.jpg 739w, https:\/\/garraldakozonaldea.educacion.navarra.es\/portal1\/wp-content\/uploads\/2022\/05\/Alimentacion-saludable-en-edad-escolar-300x281.jpg 300w\" sizes=\"(max-width: 739px) 100vw, 739px\" \/><\/a><\/td><td><\/td><\/tr><tr><td class=\"has-text-align-center\" data-align=\"center\"><\/td><td><\/td><\/tr><\/tbody><\/table><\/figure>","protected":false},"excerpt":{"rendered":"<p>En el centro de Garralda tenemos cocina propia, aunque la gesti\u00f3n del comedor la realiza una empresa. El uso de productos locales y una alimentaci\u00f3n saludable son nuestros principales criterios. Empresa gestora: Aramark Trabajadoras Nerea Eslava (cocinera) Isabel Iriarte (cuidadora en Educaci\u00f3n Infantil) Inma Belzunce (cuidadora en Educaci\u00f3n Primaria) Ana Aranaz (cuidadora en Educaci\u00f3n Primaria) [&hellip;]<\/p>\n","protected":false},"author":1,"featured_media":3288,"parent":0,"menu_order":0,"comment_status":"closed","ping_status":"closed","template":"","meta":{"_genesis_hide_title":false,"_genesis_hide_breadcrumbs":false,"_genesis_hide_singular_image":false,"_genesis_hide_footer_widgets":false,"_genesis_custom_body_class":"","_genesis_custom_post_class":"","_genesis_layout":"","_links_to":"","_links_to_target":""},"featured_image_src":"https:\/\/garraldakozonaldea.educacion.navarra.es\/portal1\/wp-content\/uploads\/2021\/03\/jantokia-600x400.jpg","featured_image_src_square":"https:\/\/garraldakozonaldea.educacion.navarra.es\/portal1\/wp-content\/uploads\/2021\/03\/jantokia-600x600.jpg","_links":{"self":[{"href":"https:\/\/garraldakozonaldea.educacion.navarra.es\/portal1\/es\/wp-json\/wp\/v2\/pages\/3296"}],"collection":[{"href":"https:\/\/garraldakozonaldea.educacion.navarra.es\/portal1\/es\/wp-json\/wp\/v2\/pages"}],"about":[{"href":"https:\/\/garraldakozonaldea.educacion.navarra.es\/portal1\/es\/wp-json\/wp\/v2\/types\/page"}],"author":[{"embeddable":true,"href":"https:\/\/garraldakozonaldea.educacion.navarra.es\/portal1\/es\/wp-json\/wp\/v2\/users\/1"}],"replies":[{"embeddable":true,"href":"https:\/\/garraldakozonaldea.educacion.navarra.es\/portal1\/es\/wp-json\/wp\/v2\/comments?post=3296"}],"version-history":[{"count":35,"href":"https:\/\/garraldakozonaldea.educacion.navarra.es\/portal1\/es\/wp-json\/wp\/v2\/pages\/3296\/revisions"}],"predecessor-version":[{"id":5705,"href":"https:\/\/garraldakozonaldea.educacion.navarra.es\/portal1\/es\/wp-json\/wp\/v2\/pages\/3296\/revisions\/5705"}],"wp:featuredmedia":[{"embeddable":true,"href":"https:\/\/garraldakozonaldea.educacion.navarra.es\/portal1\/es\/wp-json\/wp\/v2\/media\/3288"}],"wp:attachment":[{"href":"https:\/\/garraldakozonaldea.educacion.navarra.es\/portal1\/es\/wp-json\/wp\/v2\/media?parent=3296"}],"curies":[{"name":"wp","href":"https:\/\/api.w.org\/{rel}","templated":true}]}}