{"id":3191,"date":"2021-01-27T12:49:58","date_gmt":"2021-01-27T11:49:58","guid":{"rendered":"https:\/\/garraldakozonaldea.educacion.navarra.es\/portal1\/profesorado\/"},"modified":"2025-09-25T11:36:42","modified_gmt":"2025-09-25T09:36:42","slug":"profesorado","status":"publish","type":"page","link":"https:\/\/garraldakozonaldea.educacion.navarra.es\/portal1\/es\/profesorado\/","title":{"rendered":"Profesorado"},"content":{"rendered":"\n<figure class=\"wp-block-table is-style-stripes\"><table><tbody><tr><td class=\"has-text-align-center\" data-align=\"center\"><strong>TUTORAS INFANTIL Y PRIMARIA<\/strong><\/td><td class=\"has-text-align-left\" data-align=\"left\"><strong>GRUPO<\/strong><\/td><\/tr><tr><td class=\"has-text-align-center\" data-align=\"center\">Ana Lanas Arbeloa<\/td><td class=\"has-text-align-left\" data-align=\"left\">Ed.Inf. 3 a\u00f1os<\/td><\/tr><tr><td class=\"has-text-align-center\" data-align=\"center\">Aitziber Larrea Saragueta<\/td><td class=\"has-text-align-left\" data-align=\"left\">Ed.Inf. 4-5 a\u00f1os<\/td><\/tr><tr><td class=\"has-text-align-center\" data-align=\"center\">Olatz Goitisolo Gorriz<\/td><td class=\"has-text-align-left\" data-align=\"left\">EP1<\/td><\/tr><tr><td class=\"has-text-align-center\" data-align=\"center\">Goretti Larreta Saralegui<\/td><td class=\"has-text-align-left\" data-align=\"left\">EP2-3<\/td><\/tr><tr><td class=\"has-text-align-center\" data-align=\"center\">Maite As\u00edn Lasheras<\/td><td class=\"has-text-align-left\" data-align=\"left\">EP4<\/td><\/tr><tr><td class=\"has-text-align-center\" data-align=\"center\">Maddi Pagola Iriarte<\/td><td class=\"has-text-align-left\" data-align=\"left\">EP5-6<\/td><\/tr><tr><td class=\"has-text-align-center\" data-align=\"center\"><strong>ESPECIALISTAS INFANTIL Y PRIMARIA<\/strong><\/td><td class=\"has-text-align-left\" data-align=\"left\"><strong>ESPECIALIDAD<\/strong><\/td><\/tr><tr><td class=\"has-text-align-center\" data-align=\"center\">Goretti Larreta Saralegui<\/td><td class=\"has-text-align-left\" data-align=\"left\">M\u00fasica<\/td><\/tr><tr><td class=\"has-text-align-center\" data-align=\"center\">Unai Arevalo Corredera<\/td><td class=\"has-text-align-left\" data-align=\"left\">Educaci\u00f3n F\u00edsica<\/td><\/tr><tr><td class=\"has-text-align-center\" data-align=\"center\">Laura Arana Elia<\/td><td class=\"has-text-align-left\" data-align=\"left\">Ingl\u00e9s-EP<\/td><\/tr><tr><td class=\"has-text-align-center\" data-align=\"center\">Ainhoa Urrutia Iba\u00f1ez<\/td><td class=\"has-text-align-left\" data-align=\"left\">Ingl\u00e9s-HH<\/td><\/tr><tr><td class=\"has-text-align-center\" data-align=\"center\">Judith Anchorena (Aritz Etxarri)<\/td><td class=\"has-text-align-left\" data-align=\"left\">Religi\u00f3n<\/td><\/tr><tr><td class=\"has-text-align-center\" data-align=\"center\">Ander Iribarren Hualde<\/td><td class=\"has-text-align-left\" data-align=\"left\">Orientaci\u00f3n<\/td><\/tr><tr><td class=\"has-text-align-center\" data-align=\"center\">Maria Izal Miqueo<\/td><td class=\"has-text-align-left\" data-align=\"left\">Psicoterap\u00e9uta<\/td><\/tr><tr><td class=\"has-text-align-center\" data-align=\"center\">Mikel Beltza Saez<\/td><td class=\"has-text-align-left\" data-align=\"left\">Audici\u00f3n y Lenguaje<\/td><\/tr><\/tbody><\/table><figcaption>Profesorado infantil y primaria<\/figcaption><\/figure>\n<figure class=\"wp-block-table is-style-stripes\"><table><tbody><tr><td class=\"has-text-align-center\" data-align=\"center\"><strong>TUTORES\/AS ESO<\/strong><\/td><td class=\"has-text-align-left\" data-align=\"left\"><strong>GRUPO<\/strong><\/td><\/tr><tr><td class=\"has-text-align-center\" data-align=\"center\">Maider Azurmendi Cuesta<\/td><td class=\"has-text-align-left\" data-align=\"left\">1\u00ba ESO<\/td><\/tr><tr><td class=\"has-text-align-center\" data-align=\"center\">Iosu Sagarzazu Iridoy<\/td><td class=\"has-text-align-left\" data-align=\"left\">2\u00ba ESO<\/td><\/tr><tr><td class=\"has-text-align-center\" data-align=\"center\">Itziar Altzuguren Tellechea<\/td><td class=\"has-text-align-left\" data-align=\"left\">3\u00ba ESO<\/td><\/tr><tr><td class=\"has-text-align-center\" data-align=\"center\">Adur Burguete Aldaz<\/td><td class=\"has-text-align-left\" data-align=\"left\">4\u00ba ESO<\/td><\/tr><tr><td class=\"has-text-align-center\" data-align=\"center\"><strong>PROFESORADO ESO<\/strong><\/td><td class=\"has-text-align-left\" data-align=\"left\"><strong>ESPECIALIDAD<\/strong><\/td><\/tr><tr><td class=\"has-text-align-center\" data-align=\"center\">Andrea Aldave Cobos<\/td><td class=\"has-text-align-left\" data-align=\"left\">Matem\u00e1tica<\/td><\/tr><tr><td class=\"has-text-align-center\" data-align=\"center\">Gaizka Beranrte Atxa<\/td><td class=\"has-text-align-left\" data-align=\"left\">Matem\u00e1tica<\/td><\/tr><tr><td class=\"has-text-align-center\" data-align=\"center\">Maitane Almirantearena Villanueva<\/td><td class=\"has-text-align-left\" data-align=\"left\">Pl\u00e1stica, M\u00fasica<\/td><\/tr><tr><td class=\"has-text-align-center\" data-align=\"center\">Itziar Altzuguren Tellechea<\/td><td class=\"has-text-align-left\" data-align=\"left\">Ingl\u00e9s<\/td><\/tr><tr><td class=\"has-text-align-center\" data-align=\"center\">Iosu Sagarzazu Iridoy<\/td><td class=\"has-text-align-left\" data-align=\"left\">Lengua Castellana<\/td><\/tr><tr><td class=\"has-text-align-center\" data-align=\"center\">Eider Etxabarri Orotz<\/td><td class=\"has-text-align-left\" data-align=\"left\">Tecnolog\u00eda<\/td><\/tr><tr><td class=\"has-text-align-center\" data-align=\"center\">Iban Gomez Urtasun<\/td><td class=\"has-text-align-left\" data-align=\"left\">Biolog\u00eda-Geolog\u00eda<\/td><\/tr><tr><td class=\"has-text-align-center\" data-align=\"center\">Ainhoa Mendia Orradre<\/td><td class=\"has-text-align-left\" data-align=\"left\">F\u00edsica-Qu\u00edmica<\/td><\/tr><tr><td class=\"has-text-align-center\" data-align=\"center\">Maider Azurmendi Cuesta<\/td><td class=\"has-text-align-left\" data-align=\"left\">Euskara<\/td><\/tr><tr><td class=\"has-text-align-center\" data-align=\"center\">Orreaga Del Rio Ilincheta<\/td><td class=\"has-text-align-left\" data-align=\"left\">Franc\u00e9s<\/td><\/tr><tr><td class=\"has-text-align-center\" data-align=\"center\">Adur Burguete Aldaz<\/td><td class=\"has-text-align-left\" data-align=\"left\">Historia y Geograf\u00eda<\/td><\/tr><tr><td class=\"has-text-align-center\" data-align=\"center\">Ana Silva Iba\u00f1ez<\/td><td class=\"has-text-align-left\" data-align=\"left\">Euskara<\/td><\/tr><tr><td class=\"has-text-align-center\" data-align=\"center\">Mikel Villarrolain Lasa<\/td><td class=\"has-text-align-left\" data-align=\"left\">Educaci\u00f3n F\u00edsica<\/td><\/tr><tr><td class=\"has-text-align-center\" data-align=\"center\">Judith Anchorena Legaz<\/td><td class=\"has-text-align-left\" data-align=\"left\">Religi\u00f3n<\/td><\/tr><tr><td class=\"has-text-align-center\" data-align=\"center\">Ander Iribarren Hualde<\/td><td class=\"has-text-align-left\" data-align=\"left\">Orientaci\u00f3n<\/td><\/tr><tr><td class=\"has-text-align-center\" data-align=\"center\">Maria Izal Miqueo<\/td><td class=\"has-text-align-left\" data-align=\"left\">Psicoterap\u00e9uta<\/td><\/tr><\/tbody><\/table><figcaption>Profesorado ESO<\/figcaption><\/figure>\n<p><\/p>\n\n<p><\/p>\n","protected":false},"excerpt":{"rendered":"<p>TUTORAS INFANTIL Y PRIMARIA GRUPO Ana Lanas Arbeloa Ed.Inf. 3 a\u00f1os Aitziber Larrea Saragueta Ed.Inf. 4-5 a\u00f1os Olatz Goitisolo Gorriz EP1 Goretti Larreta Saralegui EP2-3 Maite As\u00edn Lasheras EP4 Maddi Pagola Iriarte EP5-6 ESPECIALISTAS INFANTIL Y PRIMARIA ESPECIALIDAD Goretti Larreta Saralegui M\u00fasica Unai Arevalo Corredera Educaci\u00f3n F\u00edsica Laura Arana Elia Ingl\u00e9s-EP Ainhoa Urrutia Iba\u00f1ez Ingl\u00e9s-HH [&hellip;]<\/p>\n","protected":false},"author":1,"featured_media":0,"parent":0,"menu_order":0,"comment_status":"closed","ping_status":"closed","template":"","meta":{"_genesis_hide_title":false,"_genesis_hide_breadcrumbs":false,"_genesis_hide_singular_image":false,"_genesis_hide_footer_widgets":false,"_genesis_custom_body_class":"","_genesis_custom_post_class":"","_genesis_layout":"","_links_to":"","_links_to_target":""},"featured_image_src":null,"featured_image_src_square":null,"_links":{"self":[{"href":"https:\/\/garraldakozonaldea.educacion.navarra.es\/portal1\/es\/wp-json\/wp\/v2\/pages\/3191"}],"collection":[{"href":"https:\/\/garraldakozonaldea.educacion.navarra.es\/portal1\/es\/wp-json\/wp\/v2\/pages"}],"about":[{"href":"https:\/\/garraldakozonaldea.educacion.navarra.es\/portal1\/es\/wp-json\/wp\/v2\/types\/page"}],"author":[{"embeddable":true,"href":"https:\/\/garraldakozonaldea.educacion.navarra.es\/portal1\/es\/wp-json\/wp\/v2\/users\/1"}],"replies":[{"embeddable":true,"href":"https:\/\/garraldakozonaldea.educacion.navarra.es\/portal1\/es\/wp-json\/wp\/v2\/comments?post=3191"}],"version-history":[{"count":8,"href":"https:\/\/garraldakozonaldea.educacion.navarra.es\/portal1\/es\/wp-json\/wp\/v2\/pages\/3191\/revisions"}],"predecessor-version":[{"id":5276,"href":"https:\/\/garraldakozonaldea.educacion.navarra.es\/portal1\/es\/wp-json\/wp\/v2\/pages\/3191\/revisions\/5276"}],"wp:attachment":[{"href":"https:\/\/garraldakozonaldea.educacion.navarra.es\/portal1\/es\/wp-json\/wp\/v2\/media?parent=3191"}],"curies":[{"name":"wp","href":"https:\/\/api.w.org\/{rel}","templated":true}]}}