{"id":3070,"date":"2020-12-15T12:54:14","date_gmt":"2020-12-15T11:54:14","guid":{"rendered":"https:\/\/garraldakozonaldea.educacion.navarra.es\/portal1\/alumnado\/covid-19\/"},"modified":"2021-01-13T12:24:56","modified_gmt":"2021-01-13T11:24:56","slug":"covid-19","status":"publish","type":"page","link":"https:\/\/garraldakozonaldea.educacion.navarra.es\/portal1\/es\/alumnado\/covid-19\/","title":{"rendered":"COVID -19"},"content":{"rendered":"\n<p>Este es un espacio donde poder consultar las medidas adoptadas por el centro para la gesti\u00f3n de la situaci\u00f3n creada frente a la COVID-19.<\/p>\n\n\n\n<ul><li><a href=\"https:\/\/docs.google.com\/document\/d\/1xUFdekbT4eeZ4TLTgFAhaTPSHwxNR59_wkrqq1f84FU\/edit?ts=5ffeabb1\" data-type=\"URL\" data-id=\"https:\/\/docs.google.com\/document\/d\/1xUFdekbT4eeZ4TLTgFAhaTPSHwxNR59_wkrqq1f84FU\/edit?ts=5ffeabb1\" target=\"_blank\" rel=\"noreferrer noopener\">Plan de Contingencia<\/a>: debido a la situaci\u00f3n generada tras la COVID-19ak este es el protocolo de actuaci\u00f3n. Es un <strong>documento vivo<\/strong>, es decir, que puede sufrir modificaciones en funci\u00f3n de la situaci\u00f3n. Esta ser\u00e1 siempre la \u00faltima versi\u00f3n.<\/li><\/ul>\n\n\n\n<ul><li>En caso de&nbsp;<strong>confinamiento domiciliario<\/strong><strong> de toda la clase<\/strong> se han creado dos espacios, divididos seg\u00fan la etapa. Entrando en ellos obtendr\u00e9is toda la informaci\u00f3n necesaria.<\/li><\/ul>\n\n\n\n<figure class=\"wp-block-image size-large is-resized\"><a href=\"https:\/\/sites.google.com\/educacion.navarra.es\/garraldalanguneahh-lh\/orri-nagusia\" target=\"_blank\" rel=\"noopener noreferrer\"><img loading=\"lazy\" src=\"https:\/\/garraldakozonaldea.educacion.navarra.es\/portal1\/wp-content\/uploads\/2020\/12\/hh-lh_langunea.jpg\" alt=\"\" class=\"wp-image-3065\" width=\"558\" height=\"163\" srcset=\"https:\/\/garraldakozonaldea.educacion.navarra.es\/portal1\/wp-content\/uploads\/2020\/12\/hh-lh_langunea.jpg 779w, https:\/\/garraldakozonaldea.educacion.navarra.es\/portal1\/wp-content\/uploads\/2020\/12\/hh-lh_langunea-300x87.jpg 300w, https:\/\/garraldakozonaldea.educacion.navarra.es\/portal1\/wp-content\/uploads\/2020\/12\/hh-lh_langunea-768x224.jpg 768w\" sizes=\"(max-width: 558px) 100vw, 558px\" \/><\/a><figcaption><a rel=\"noreferrer noopener\" href=\"https:\/\/sites.google.com\/educacion.navarra.es\/garraldalanguneahh-lh\/orri-nagusia\" target=\"_blank\">HH-LH Lan gunea<\/a><\/figcaption><\/figure>\n\n\n\n<figure class=\"wp-block-image size-large is-resized\"><a href=\"https:\/\/sites.google.com\/educacion.navarra.es\/garraldalanguneadbh\/orri-nagusia\" target=\"_blank\" rel=\"noopener noreferrer\"><img loading=\"lazy\" src=\"https:\/\/garraldakozonaldea.educacion.navarra.es\/portal1\/wp-content\/uploads\/2020\/12\/dbh_langunea.jpg\" alt=\"\" class=\"wp-image-3067\" width=\"553\" height=\"172\" srcset=\"https:\/\/garraldakozonaldea.educacion.navarra.es\/portal1\/wp-content\/uploads\/2020\/12\/dbh_langunea.jpg 774w, https:\/\/garraldakozonaldea.educacion.navarra.es\/portal1\/wp-content\/uploads\/2020\/12\/dbh_langunea-300x94.jpg 300w, https:\/\/garraldakozonaldea.educacion.navarra.es\/portal1\/wp-content\/uploads\/2020\/12\/dbh_langunea-768x240.jpg 768w\" sizes=\"(max-width: 553px) 100vw, 553px\" \/><\/a><figcaption><a rel=\"noreferrer noopener\" href=\"https:\/\/sites.google.com\/educacion.navarra.es\/garraldalanguneadbh\/orri-nagusia\" target=\"_blank\">DBH Lan gunea<\/a><\/figcaption><\/figure>\n","protected":false},"excerpt":{"rendered":"<p>Este es un espacio donde poder consultar las medidas adoptadas por el centro para la gesti\u00f3n de la situaci\u00f3n creada frente a la COVID-19. Plan de Contingencia: debido a la situaci\u00f3n generada tras la COVID-19ak este es el protocolo de actuaci\u00f3n. Es un documento vivo, es decir, que puede sufrir modificaciones en funci\u00f3n de la [&hellip;]<\/p>\n","protected":false},"author":1,"featured_media":2846,"parent":462,"menu_order":0,"comment_status":"closed","ping_status":"closed","template":"","meta":{"_genesis_hide_title":false,"_genesis_hide_breadcrumbs":false,"_genesis_hide_singular_image":false,"_genesis_hide_footer_widgets":false,"_genesis_custom_body_class":"","_genesis_custom_post_class":"","_genesis_layout":"","_links_to":"","_links_to_target":""},"featured_image_src":"https:\/\/garraldakozonaldea.educacion.navarra.es\/portal1\/wp-content\/uploads\/2020\/05\/dibujo-coronavirus-cuadrado.jpg","featured_image_src_square":"https:\/\/garraldakozonaldea.educacion.navarra.es\/portal1\/wp-content\/uploads\/2020\/05\/dibujo-coronavirus-cuadrado.jpg","_links":{"self":[{"href":"https:\/\/garraldakozonaldea.educacion.navarra.es\/portal1\/es\/wp-json\/wp\/v2\/pages\/3070"}],"collection":[{"href":"https:\/\/garraldakozonaldea.educacion.navarra.es\/portal1\/es\/wp-json\/wp\/v2\/pages"}],"about":[{"href":"https:\/\/garraldakozonaldea.educacion.navarra.es\/portal1\/es\/wp-json\/wp\/v2\/types\/page"}],"author":[{"embeddable":true,"href":"https:\/\/garraldakozonaldea.educacion.navarra.es\/portal1\/es\/wp-json\/wp\/v2\/users\/1"}],"replies":[{"embeddable":true,"href":"https:\/\/garraldakozonaldea.educacion.navarra.es\/portal1\/es\/wp-json\/wp\/v2\/comments?post=3070"}],"version-history":[{"count":3,"href":"https:\/\/garraldakozonaldea.educacion.navarra.es\/portal1\/es\/wp-json\/wp\/v2\/pages\/3070\/revisions"}],"predecessor-version":[{"id":3090,"href":"https:\/\/garraldakozonaldea.educacion.navarra.es\/portal1\/es\/wp-json\/wp\/v2\/pages\/3070\/revisions\/3090"}],"up":[{"embeddable":true,"href":"https:\/\/garraldakozonaldea.educacion.navarra.es\/portal1\/es\/wp-json\/wp\/v2\/pages\/462"}],"wp:featuredmedia":[{"embeddable":true,"href":"https:\/\/garraldakozonaldea.educacion.navarra.es\/portal1\/es\/wp-json\/wp\/v2\/media\/2846"}],"wp:attachment":[{"href":"https:\/\/garraldakozonaldea.educacion.navarra.es\/portal1\/es\/wp-json\/wp\/v2\/media?parent=3070"}],"curies":[{"name":"wp","href":"https:\/\/api.w.org\/{rel}","templated":true}]}}