{"id":2112,"date":"2019-02-21T10:23:53","date_gmt":"2019-02-21T09:23:53","guid":{"rendered":"https:\/\/garraldakozonaldea.educacion.navarra.es\/portal1\/?page_id=2112"},"modified":"2019-02-21T10:27:11","modified_gmt":"2019-02-21T09:27:11","slug":"aho-belarri-txokoa","status":"publish","type":"page","link":"https:\/\/garraldakozonaldea.educacion.navarra.es\/portal1\/es\/aho-belarri-txokoa\/","title":{"rendered":"Aho-Belarri Txokoa"},"content":{"rendered":"\n<p>\tOs queremos presentar un nuevo proyecto que hemos puesto en marcha en nuestra escuela con el alumnado de Infantil y Primaria: \u201cAho &#8211; Belarri txokoa\u201d.<br><\/p>\n\n\n\n<p>\tEl objetivo de este proyecto es que el alumnado adquiera habilidades sociales y de resoluci\u00f3n de conflictos e interiorice valores b\u00e1sicos de convivencia. Un proyecto que les d\u00e9 la oportunidad de resolver, por <strong>s\u00ed mismos\/as<\/strong>, los conflictos reales que surgen en los centros escolares mediante la colaboraci\u00f3n y el di\u00e1logo.<br><\/p>\n","protected":false},"excerpt":{"rendered":"<p>Os queremos presentar un nuevo proyecto que hemos puesto en marcha en nuestra escuela con el alumnado de Infantil y Primaria: \u201cAho &#8211; Belarri txokoa\u201d. El objetivo de este proyecto es que el alumnado adquiera habilidades sociales y de resoluci\u00f3n de conflictos e interiorice valores b\u00e1sicos de convivencia. Un proyecto que les d\u00e9 la oportunidad [&hellip;]<\/p>\n","protected":false},"author":1,"featured_media":0,"parent":0,"menu_order":0,"comment_status":"closed","ping_status":"closed","template":"","meta":{"_genesis_hide_title":false,"_genesis_hide_breadcrumbs":false,"_genesis_hide_singular_image":false,"_genesis_hide_footer_widgets":false,"_genesis_custom_body_class":"","_genesis_custom_post_class":"","_genesis_layout":"full-width-content","_links_to":"","_links_to_target":""},"featured_image_src":null,"featured_image_src_square":null,"_links":{"self":[{"href":"https:\/\/garraldakozonaldea.educacion.navarra.es\/portal1\/es\/wp-json\/wp\/v2\/pages\/2112"}],"collection":[{"href":"https:\/\/garraldakozonaldea.educacion.navarra.es\/portal1\/es\/wp-json\/wp\/v2\/pages"}],"about":[{"href":"https:\/\/garraldakozonaldea.educacion.navarra.es\/portal1\/es\/wp-json\/wp\/v2\/types\/page"}],"author":[{"embeddable":true,"href":"https:\/\/garraldakozonaldea.educacion.navarra.es\/portal1\/es\/wp-json\/wp\/v2\/users\/1"}],"replies":[{"embeddable":true,"href":"https:\/\/garraldakozonaldea.educacion.navarra.es\/portal1\/es\/wp-json\/wp\/v2\/comments?post=2112"}],"version-history":[{"count":2,"href":"https:\/\/garraldakozonaldea.educacion.navarra.es\/portal1\/es\/wp-json\/wp\/v2\/pages\/2112\/revisions"}],"predecessor-version":[{"id":2117,"href":"https:\/\/garraldakozonaldea.educacion.navarra.es\/portal1\/es\/wp-json\/wp\/v2\/pages\/2112\/revisions\/2117"}],"wp:attachment":[{"href":"https:\/\/garraldakozonaldea.educacion.navarra.es\/portal1\/es\/wp-json\/wp\/v2\/media?parent=2112"}],"curies":[{"name":"wp","href":"https:\/\/api.w.org\/{rel}","templated":true}]}}