{"id":2087,"date":"2019-02-14T10:19:30","date_gmt":"2019-02-14T09:19:30","guid":{"rendered":"https:\/\/garraldakozonaldea.educacion.navarra.es\/portal1\/skolae\/"},"modified":"2023-05-17T10:41:47","modified_gmt":"2023-05-17T08:41:47","slug":"skolae","status":"publish","type":"page","link":"https:\/\/garraldakozonaldea.educacion.navarra.es\/portal1\/es\/nuestro-centro\/skolae\/","title":{"rendered":"COEDUCACI\u00d3N"},"content":{"rendered":"\n<div class=\"wp-container-1 wp-block-buttons alignwide is-style-divider-button\">\n<div class=\"wp-block-button\"><a class=\"wp-block-button__link\" href=\"https:\/\/www.slideshare.net\/GarraldakoWebOrria\/skolae-zer-da-qu-es\" target=\"_blank\" rel=\"noreferrer noopener\">\u00bfQu\u00e9 es Skolae?<\/a><\/div>\n\n\n\n<div class=\"wp-block-button\"><a class=\"wp-block-button__link\" href=\"https:\/\/garraldakozonaldea.educacion.navarra.es\/portal1\/es\/recursos-para-la-coeducacion\/\">Recursos<\/a><\/div>\n<\/div>\n\n<hr class=\"wp-block-separator\"\/>\n\n<p class=\"has-text-align-center\"><strong>SKOLAE<\/strong> es el programa que desarrolla el <strong>Plan de Coeducaci\u00f3n 2017-2021<\/strong> en centros educativos y comunidades educativas de Navarra.<\/p>\n\n<p class=\"has-text-align-center\">Su objetivo es contribuir al proceso de adquisici\u00f3n de capacidades para la elecci\u00f3n de un proyecto de vida propio (desde la libertad y la diversidad de oportunidades, sin condicionantes de g\u00e9nero, independientemente de la raza, la religi\u00f3n, el nivel econ\u00f3mico y cultural, el origen, etc.), poni\u00e9ndolo a disposici\u00f3n de todas las comunidades escolares desde el nacimiento hasta el fin de todas las etapas educativas.<\/p>\n\n<p>El <strong>C<\/strong><strong>entro educativo de Garralda<\/strong> comenz\u00f3 a trabajar este programa en el a\u00f1o 2018, donde los profesores recibieron formaci\u00f3n. As\u00ed, actualmente estamos desarrollando dos l\u00edneas de trabajo:<\/p>\n\n<p><strong>1.-Llevar a cabo el Plan de Identidad Coeducativa<\/strong> del centro durante los pr\u00f3ximos cuatro a\u00f1os (2021-2024).<\/p>\n\n<figure class=\"wp-block-image size-full is-style-default\"><a href=\"https:\/\/docs.google.com\/spreadsheets\/d\/e\/2PACX-1vR85UT_UEbjPUHH6XQ2C9kSJkvYg67_6ZddzkaSXQiXNwOzxxj12s2IFCeo7jmhpg\/pubhtml\" target=\"_blank\" rel=\"2021-24 Ikastetxeko Hezkidetza Nortasun Plana noopener\"><img loading=\"lazy\" width=\"822\" height=\"660\" src=\"https:\/\/garraldakozonaldea.educacion.navarra.es\/portal1\/wp-content\/uploads\/2023\/05\/2021-24-Ikastetxeko-hezkidetza-nortasun-plana.jpg\" alt=\"\" class=\"wp-image-4204\" srcset=\"https:\/\/garraldakozonaldea.educacion.navarra.es\/portal1\/wp-content\/uploads\/2023\/05\/2021-24-Ikastetxeko-hezkidetza-nortasun-plana.jpg 822w, https:\/\/garraldakozonaldea.educacion.navarra.es\/portal1\/wp-content\/uploads\/2023\/05\/2021-24-Ikastetxeko-hezkidetza-nortasun-plana-300x241.jpg 300w, https:\/\/garraldakozonaldea.educacion.navarra.es\/portal1\/wp-content\/uploads\/2023\/05\/2021-24-Ikastetxeko-hezkidetza-nortasun-plana-768x617.jpg 768w\" sizes=\"(max-width: 822px) 100vw, 822px\" \/><\/a><\/figure>\n<p><strong>2.-<\/strong>Trabajar con el alumnado un eje del programa <strong>SKOLAE<\/strong> en cada curso, realizando una <strong>actividad<\/strong> en cada evaluaci\u00f3n. (Propuestas did\u00e1cticas)<\/p>\n\n<iframe loading=\"lazy\" src=\"\/\/www.slideshare.net\/slideshow\/embed_code\/key\/iheA57KDwBJ7Jw\" width=\"1200\" height=\"714\" frameborder=\"0\" marginwidth=\"0\" marginheight=\"0\" scrolling=\"no\" style=\"border:1px solid #CCC; border-width:1px; margin-bottom:5px; max-width: 100%;\" allowfullscreen=\"\"> <\/iframe> <div style=\"margin-bottom:5px\"><\/div>\r\n\n<figure class=\"wp-block-embed is-type-video is-provider-youtube wp-block-embed-youtube wp-embed-aspect-16-9 wp-has-aspect-ratio\">\r\n<div class=\"wp-block-embed__wrapper\">https:\/\/www.youtube.com\/watch?time_continue=868&amp;v=HxSbMYTbB_U<\/div><\/figure>\n\n<p><\/p>\n","protected":false},"excerpt":{"rendered":"<p>SKOLAE es el programa que desarrolla el Plan de Coeducaci\u00f3n 2017-2021 en centros educativos y comunidades educativas de Navarra. Su objetivo es contribuir al proceso de adquisici\u00f3n de capacidades para la elecci\u00f3n de un proyecto de vida propio (desde la libertad y la diversidad de oportunidades, sin condicionantes de g\u00e9nero, independientemente de la raza, la [&hellip;]<\/p>\n","protected":false},"author":1,"featured_media":2296,"parent":455,"menu_order":0,"comment_status":"closed","ping_status":"closed","template":"","meta":{"_genesis_hide_title":false,"_genesis_hide_breadcrumbs":false,"_genesis_hide_singular_image":false,"_genesis_hide_footer_widgets":false,"_genesis_custom_body_class":"","_genesis_custom_post_class":"","_genesis_layout":"full-width-content","_links_to":"","_links_to_target":""},"featured_image_src":"https:\/\/garraldakozonaldea.educacion.navarra.es\/portal1\/wp-content\/uploads\/2019\/10\/skolae-1-3.jpg","featured_image_src_square":"https:\/\/garraldakozonaldea.educacion.navarra.es\/portal1\/wp-content\/uploads\/2019\/10\/skolae-1-3.jpg","_links":{"self":[{"href":"https:\/\/garraldakozonaldea.educacion.navarra.es\/portal1\/es\/wp-json\/wp\/v2\/pages\/2087"}],"collection":[{"href":"https:\/\/garraldakozonaldea.educacion.navarra.es\/portal1\/es\/wp-json\/wp\/v2\/pages"}],"about":[{"href":"https:\/\/garraldakozonaldea.educacion.navarra.es\/portal1\/es\/wp-json\/wp\/v2\/types\/page"}],"author":[{"embeddable":true,"href":"https:\/\/garraldakozonaldea.educacion.navarra.es\/portal1\/es\/wp-json\/wp\/v2\/users\/1"}],"replies":[{"embeddable":true,"href":"https:\/\/garraldakozonaldea.educacion.navarra.es\/portal1\/es\/wp-json\/wp\/v2\/comments?post=2087"}],"version-history":[{"count":15,"href":"https:\/\/garraldakozonaldea.educacion.navarra.es\/portal1\/es\/wp-json\/wp\/v2\/pages\/2087\/revisions"}],"predecessor-version":[{"id":4211,"href":"https:\/\/garraldakozonaldea.educacion.navarra.es\/portal1\/es\/wp-json\/wp\/v2\/pages\/2087\/revisions\/4211"}],"up":[{"embeddable":true,"href":"https:\/\/garraldakozonaldea.educacion.navarra.es\/portal1\/es\/wp-json\/wp\/v2\/pages\/455"}],"wp:featuredmedia":[{"embeddable":true,"href":"https:\/\/garraldakozonaldea.educacion.navarra.es\/portal1\/es\/wp-json\/wp\/v2\/media\/2296"}],"wp:attachment":[{"href":"https:\/\/garraldakozonaldea.educacion.navarra.es\/portal1\/es\/wp-json\/wp\/v2\/media?parent=2087"}],"curies":[{"name":"wp","href":"https:\/\/api.w.org\/{rel}","templated":true}]}}