{"id":1879,"date":"2018-10-08T11:01:32","date_gmt":"2018-10-08T09:01:32","guid":{"rendered":"https:\/\/garraldakozonaldea.educacion.navarra.es\/portal1\/bizikidetza\/"},"modified":"2023-10-16T12:58:57","modified_gmt":"2023-10-16T10:58:57","slug":"bizikidetza","status":"publish","type":"page","link":"https:\/\/garraldakozonaldea.educacion.navarra.es\/portal1\/es\/nuestro-centro\/bizikidetza\/","title":{"rendered":"Convivencia"},"content":{"rendered":"\n<p class=\"has-text-align-center\">Desde la escuela de Garralda queremos garantizar un ambiente pac\u00edfico y saludable. Para ello, respetando y haciendo respetar los derechos de todos, queremos reforzar de forma positiva la gesti\u00f3n de la inteligencia emocional y de los conflictos del alumnado y profesorado.<\/p>\n\n<p class=\"has-text-align-center\">Para llevar a cabo todo ello, la Comisi\u00f3n de Convivencia organiza un plan anual de formaci\u00f3n y actividades dirigidas al alumnado, profesorado y familias.<\/p>\n\n<p class=\"has-text-align-center\">Aqu\u00ed pod\u00e9is ver un peque\u00f1o Extracto del Reglamento de Convivencia<\/p>\n\n<iframe loading=\"lazy\" src=\"https:\/\/docs.google.com\/document\/d\/e\/2PACX-1vRBdOtGElvF_o5U7nUL4ySb7tebKuBXYvyDDWJlkd0FRzy8fW5omqgqIAf_KmwQWg\/pub?embedded=true\" width=\"1800\" height=\"500\"><\/iframe>\r\n\n<hr class=\"wp-block-separator\"\/>\n\n<p><strong>INFORMACI\u00d3N DE INTER\u00c9S:<\/strong><\/p>\n\n<div class=\"wp-container-1 wp-block-buttons alignwide\">\n<div class=\"wp-block-button\"><a class=\"wp-block-button__link\" href=\"https:\/\/drive.google.com\/file\/d\/1JvkmxMPVh1cLd3WdPJWZN-x_NeT12FdM\/view?usp=sharing\" target=\"_blank\" rel=\"noreferrer noopener\">PROTOCOLO CONTRA EL BULLYING<\/a><\/div>\n\n\n\n<div class=\"wp-block-button\"><a class=\"wp-block-button__link\" href=\"https:\/\/drive.google.com\/file\/d\/1YKBbj_uLgmfp06mCs9KuthblSEnWERmg\/view?usp=sharing\" target=\"_blank\" rel=\"noreferrer noopener\">PROTOCOLO AGRESIONES TRABAJADORES\/AS<\/a><\/div>\n<\/div>\n","protected":false},"excerpt":{"rendered":"<p>Desde la escuela de Garralda queremos garantizar un ambiente pac\u00edfico y saludable. Para ello, respetando y haciendo respetar los derechos de todos, queremos reforzar de forma positiva la gesti\u00f3n de la inteligencia emocional y de los conflictos del alumnado y profesorado. Para llevar a cabo todo ello, la Comisi\u00f3n de Convivencia organiza un plan anual [&hellip;]<\/p>\n","protected":false},"author":1,"featured_media":0,"parent":455,"menu_order":0,"comment_status":"closed","ping_status":"closed","template":"","meta":{"_genesis_hide_title":false,"_genesis_hide_breadcrumbs":false,"_genesis_hide_singular_image":false,"_genesis_hide_footer_widgets":false,"_genesis_custom_body_class":"","_genesis_custom_post_class":"","_genesis_layout":"full-width-content","_links_to":"","_links_to_target":""},"featured_image_src":null,"featured_image_src_square":null,"_links":{"self":[{"href":"https:\/\/garraldakozonaldea.educacion.navarra.es\/portal1\/es\/wp-json\/wp\/v2\/pages\/1879"}],"collection":[{"href":"https:\/\/garraldakozonaldea.educacion.navarra.es\/portal1\/es\/wp-json\/wp\/v2\/pages"}],"about":[{"href":"https:\/\/garraldakozonaldea.educacion.navarra.es\/portal1\/es\/wp-json\/wp\/v2\/types\/page"}],"author":[{"embeddable":true,"href":"https:\/\/garraldakozonaldea.educacion.navarra.es\/portal1\/es\/wp-json\/wp\/v2\/users\/1"}],"replies":[{"embeddable":true,"href":"https:\/\/garraldakozonaldea.educacion.navarra.es\/portal1\/es\/wp-json\/wp\/v2\/comments?post=1879"}],"version-history":[{"count":7,"href":"https:\/\/garraldakozonaldea.educacion.navarra.es\/portal1\/es\/wp-json\/wp\/v2\/pages\/1879\/revisions"}],"predecessor-version":[{"id":4306,"href":"https:\/\/garraldakozonaldea.educacion.navarra.es\/portal1\/es\/wp-json\/wp\/v2\/pages\/1879\/revisions\/4306"}],"up":[{"embeddable":true,"href":"https:\/\/garraldakozonaldea.educacion.navarra.es\/portal1\/es\/wp-json\/wp\/v2\/pages\/455"}],"wp:attachment":[{"href":"https:\/\/garraldakozonaldea.educacion.navarra.es\/portal1\/es\/wp-json\/wp\/v2\/media?parent=1879"}],"curies":[{"name":"wp","href":"https:\/\/api.w.org\/{rel}","templated":true}]}}